{"id":4978,"date":"2026-01-21T15:29:08","date_gmt":"2026-01-21T15:29:08","guid":{"rendered":"https:\/\/oncopeptides.com.haus.se\/restrictions\/"},"modified":"2026-03-06T10:08:23","modified_gmt":"2026-03-06T10:08:23","slug":"restrictions","status":"publish","type":"page","link":"https:\/\/oncopeptides.com.haus.se\/sv\/restrictions\/","title":{"rendered":"Restrictions"},"content":{"rendered":"<h2>Viktig information<\/h2>\n<p class=\"preamble\">Tillg\u00e5ng till information och dokument p\u00e5 denna del av webbplatsen \u00e4r av regulatoriska sk\u00e4l begr\u00e4nsad. Du ombeds att granska f\u00f6ljande information och l\u00e4mna f\u00f6ljande bekr\u00e4ftelse varje g\u00e5ng du s\u00f6ker tilltr\u00e4de till denna information. Din bekr\u00e4ftelse m\u00e5ste vara sanningsenlig och korrekt.  <\/p>\n<p>Informationen p\u00e5 denna del av Oncopeptides AB:s (publ) (\u201d<strong>Bolaget<\/strong>\u201d) webbplats (a) \u00e4r endast avsedd f\u00f6r, och f\u00e5r endast, direkt eller indirekt, helt eller delvis, \u00e5tkommas av eller distribueras eller spridas till (i) personer som bor och befinner sig utanf\u00f6r USA, innefattande dess territorier och provinser, varje delstat i USA samt District of Columbia, (\u201d<strong>USA<\/strong>\u201d), Australien, Hongkong, Israel, Japan, Kanada, Nya Zeeland, Singapore, Schweiz eller Sydafrika, och bor i och befinner sig i n\u00e5gon annan jurisdiktion d\u00e4r s\u00e5dan \u00e5tg\u00e4rd inte utg\u00f6r brott mot lokala v\u00e4rdepapperslagar eller best\u00e4mmelser, och (b) inte utg\u00f6r ett erbjudande att s\u00e4lja, eller infordrande av ett erbjudande att k\u00f6pa eller f\u00f6rv\u00e4rva v\u00e4rdepapper i Bolaget i USA, Australien, Hongkong, Israel, Japan, Kanada, Nya Zeeland, Singapore, Schweiz eller Sydafrika eller n\u00e5gon annan jurisdiktion d\u00e4r s\u00e5dan \u00e5tg\u00e4rd kan utg\u00f6ra brott mot lokala v\u00e4rdepapperslagar eller best\u00e4mmelser i s\u00e5dan jurisdiktion.<\/p>\n<p>V\u00e4rdepapper i Bolaget som omn\u00e4mns p\u00e5 denna del av webbplatsen (\u201d<strong>V\u00e4rdepappren&#8221; eller &#8221;V\u00e4rdepapper&#8221;<\/strong>) har inte registrerats och kommer inte att registreras enligt U.S. Securities Act fr\u00e5n 1933 i dess nuvarande lydelse (\u201d<strong>Securities Act<\/strong>\u201d)eller vid n\u00e5gon annan myndighet i n\u00e5gon delstat i USA och f\u00e5r endast erbjudas eller s\u00e4ljas i USA s\u00e5vida inte V\u00e4rdepappren \u00e4r registrerade enligt Securities Act eller genom till\u00e4mpning av ett undantag fr\u00e5n, eller genom en transaktion som inte omfattas av, registreringskraven i Securities Act. I USA kommer V\u00e4rdepappren endast att s\u00e4ljas till qualified institutional buyers (s\u00e5som begreppet definieras i Rule 144A i Securities Act (\u201d<strong>QIBs<\/strong>\u201d), i enlighet med ett undantag fr\u00e5n registrering i Securities Act. Samtliga erbjudanden och f\u00f6rs\u00e4ljningar av V\u00e4rdepappren utanf\u00f6r USA kommer att ske i enlighet med Regulation S i Securities Act och i enlighet med till\u00e4mplig lag  <\/p>\n<p>V\u00e4rdepappren har inte registrerats, och kommer inte att registreras, i enlighet med till\u00e4mplig v\u00e4rdepapperslagstiftning i Australien, Hongkong, Israel, Japan, Kanada, Nya Zeeland, Singapore, Schweiz, Sydafrika eller n\u00e5gon annan jurisdiktion d\u00e4r det skulle vara olagligt eller kr\u00e4va registrering eller annan \u00e5tg\u00e4rd, och f\u00e5r d\u00e4rf\u00f6r inte erbjudas eller s\u00e4ljas f\u00f6r n\u00e5gon persons r\u00e4kning eller f\u00f6rm\u00e5n som har sin registrerade adress i, eller befinner sig i eller bor i Australien, Hongkong, Israel, Japan, Kanada, Nya Zeeland, Singapore, Schweiz, Sydafrika eller n\u00e5gon annan jurisdiktion d\u00e4r det skulle vara olagligt eller kr\u00e4va registrering eller annan \u00e5tg\u00e4rd.<\/p>\n<p>I Storbritannien distribueras informationen som finns p\u00e5 denna del av Bolagets webbplats endast till och \u00e4r endast avsedd f\u00f6r \u201d<strong>kvalificerade investerare<\/strong>\u201d enligt artikel 2(e) i F\u00f6rordning 2017\/1129 s\u00e5som den inf\u00f6rlivas i nationell r\u00e4tt i Storbritannien genom the European Union (Withdrawal) Act 2018 (\u201d<strong>EUWA<\/strong>\u201d) (\u201d<strong>UK Prospektf\u00f6rordningen<\/strong>\u201d) som \u00e4r (i) professionella investerare som faller inom Artikel 19(5) i Financial Services and Markets Act 2000 (Financial Promotion) Order 2005 (\u201d<strong>F\u00f6reskriften<\/strong>\u201d); eller (ii) enheter med h\u00f6g nettof\u00f6rm\u00f6genhet, och andra personer till vilka den lagligen kan delges, som faller inom Artikel 49(2)(a)-(d) i F\u00f6reskriften (samtliga s\u00e5dana personer ovan ben\u00e4mns gemensamt \u201d<strong>relevanta personer<\/strong>\u201d). V\u00e4rdepappren \u00e4r endast tillg\u00e4ngliga f\u00f6r, och varje inbjudan, erbjudande eller avtal om att teckna, k\u00f6pa eller p\u00e5 annat s\u00e4tt f\u00f6rv\u00e4rva s\u00e5dana V\u00e4rdepapper kommer endast att behandlas avseende relevanta personer. Personer som inte \u00e4r relevanta personer ska inte handla utifr\u00e5n eller f\u00f6rlita sig p\u00e5 informationen som finns p\u00e5 denna del av Bolagets webbplats.  <\/p>\n<p>Denna information och detta Erbjudande adresseras och riktas endast till personer i Europeiska ekonomiska samarbetsomr\u00e5det (\u201d<strong>EES<\/strong>\u201d) som \u00e4r \u201dkvalificerade investerare\u201d enligt artikel 2 (e) Europarlamentets och r\u00e5dets f\u00f6rordning (EU) 2017\/1129 av den 14 juni 2017 (\u201d<strong>Prospektf\u00f6rordningen<\/strong>\u201d). V\u00e4rdepappren \u00e4r endast tillg\u00e4ngliga f\u00f6r, och varje inbjudan, erbjudande eller avtal att teckna sig f\u00f6r, k\u00f6pa eller annars f\u00f6rv\u00e4rva s\u00e5dana v\u00e4rdepapper kommer att f\u00f6retas endast i f\u00f6rh\u00e5llande till kvalificerade investerare. Denna information f\u00e5r inte l\u00e4ggas till grund f\u00f6r handling eller f\u00f6rlitas p\u00e5 i n\u00e5gon medlemsstat i EES av personer som inte \u00e4r kvalificerade investerare.  <\/p>\n<p>\u00c5tkomst till informationen som finns p\u00e5 denna del av Bolagets webbplats kan vara olaglig i vissa jurisdiktioner, och endast vissa kategorier av personer f\u00e5r till\u00e5tas \u00e5tkomst till s\u00e5dan information. Samtliga personer bosatta utanf\u00f6r Sverige som \u00f6nskar \u00e5tkomst till informationen p\u00e5 denna del av Bolagets webbplats m\u00e5ste f\u00f6rst f\u00f6rs\u00e4kra sig om att de inte \u00e4r f\u00f6rem\u00e5l f\u00f6r lokala lagar eller best\u00e4mmelser som f\u00f6rbjuder eller inskr\u00e4nker deras r\u00e4tt till \u00e5tkomst till denna del av Bolagets webbplats, eller kr\u00e4ver registrering eller godk\u00e4nnande f\u00f6r deras f\u00f6rv\u00e4rv av V\u00e4rdepapper. S\u00e5dan registrering eller s\u00e5dant godk\u00e4nnande har inte inh\u00e4mtats och kommer inte att inh\u00e4mtas utanf\u00f6r Sverige.  <\/p>\n<p><span style=\"font-size: 1rem;\">Bolaget tar inget ansvar f\u00f6r n\u00e5gon persons brott mot till\u00e4mpliga lagar och best\u00e4mmelser.<\/span><\/p>\n<p>&nbsp;<\/p>\n<h2>Om du inte har till\u00e5telse att ha \u00e5tkomst till informationen och dokumentationen p\u00e5 den h\u00e4r webbplatsen, eller vid tvivel om du har s\u00e5dan till\u00e5telse, v\u00e4nligen l\u00e4mna denna webbplats.<\/h2>\n<p>Jag intygar d\u00e4rf\u00f6r att:<\/p>\n<ol>\n<li>Jag \u00e4r (i) bosatt i och befinner mig i ett land utanf\u00f6r USA, Storbritannien, Australien, Hongkong, Israel, Japan, Kanada, Nya Zeeland, Singapore, Schweiz och Sydafrika eller n\u00e5gon annan jurisdiktion d\u00e4r offentligg\u00f6randet, distributionen eller publiceringen skulle vara olaglig eller kr\u00e4va registrering eller andra \u00e5tg\u00e4rder i enlighet med till\u00e4mplig lag eller (ii) en kvalificerad investerare inom EES, en relevant person i Storbritannien;  <\/li>\n<li>Jag har r\u00e4tt att ta del av informationen som finns p\u00e5 denna del av Bolagets webbplats utan att vara f\u00f6rem\u00e5l f\u00f6r n\u00e5gra legala begr\u00e4nsningar och utan att n\u00e5gon ytterligare \u00e5tg\u00e4rd kr\u00e4vs fr\u00e5n Bolagets sida; och<\/li>\n<li>Jag har l\u00e4st, f\u00f6rst\u00e5tt och samtycker till att f\u00f6lja samtliga restriktioner som framg\u00e5r ovan.<\/li>\n<\/ol>\n","protected":false},"excerpt":{"rendered":"<p>Viktig information Tillg\u00e5ng till information och dokument p\u00e5 denna del av webbplatsen \u00e4r av regulatoriska sk\u00e4l begr\u00e4nsad. Du ombeds att granska f\u00f6ljande information och l\u00e4mna f\u00f6ljande bekr\u00e4ftelse varje g\u00e5ng du s\u00f6ker tilltr\u00e4de till denna information. Din bekr\u00e4ftelse m\u00e5ste vara sanningsenlig och korrekt. Informationen p\u00e5 denna del av Oncopeptides AB:s (publ) (\u201dBolaget\u201d) webbplats (a) \u00e4r endast [&hellip;]<\/p>\n","protected":false},"author":2,"featured_media":0,"parent":0,"menu_order":0,"comment_status":"closed","ping_status":"closed","template":"","meta":{"_acf_changed":false,"footnotes":""},"protected-content":[],"class_list":["post-4978","page","type-page","status-publish","hentry"],"acf":[],"_links":{"self":[{"href":"https:\/\/oncopeptides.com.haus.se\/sv\/wp-json\/wp\/v2\/pages\/4978","targetHints":{"allow":["GET"]}}],"collection":[{"href":"https:\/\/oncopeptides.com.haus.se\/sv\/wp-json\/wp\/v2\/pages"}],"about":[{"href":"https:\/\/oncopeptides.com.haus.se\/sv\/wp-json\/wp\/v2\/types\/page"}],"author":[{"embeddable":true,"href":"https:\/\/oncopeptides.com.haus.se\/sv\/wp-json\/wp\/v2\/users\/2"}],"replies":[{"embeddable":true,"href":"https:\/\/oncopeptides.com.haus.se\/sv\/wp-json\/wp\/v2\/comments?post=4978"}],"version-history":[{"count":4,"href":"https:\/\/oncopeptides.com.haus.se\/sv\/wp-json\/wp\/v2\/pages\/4978\/revisions"}],"predecessor-version":[{"id":5266,"href":"https:\/\/oncopeptides.com.haus.se\/sv\/wp-json\/wp\/v2\/pages\/4978\/revisions\/5266"}],"wp:attachment":[{"href":"https:\/\/oncopeptides.com.haus.se\/sv\/wp-json\/wp\/v2\/media?parent=4978"}],"wp:term":[{"taxonomy":"protected-content","embeddable":true,"href":"https:\/\/oncopeptides.com.haus.se\/sv\/wp-json\/wp\/v2\/protected-content?post=4978"}],"curies":[{"name":"wp","href":"https:\/\/api.w.org\/{rel}","templated":true}]}}